{"id":224,"date":"2024-04-18T10:14:52","date_gmt":"2024-04-18T08:14:52","guid":{"rendered":"https:\/\/metal-technics-kj.myskydoowebsite.com\/?page_id=224"},"modified":"2025-11-20T09:09:07","modified_gmt":"2025-11-20T08:09:07","slug":"metaalconstructies","status":"publish","type":"page","link":"https:\/\/metal-technics-kj.be\/fr\/metaalconstructies\/","title":{"rendered":"Structures m\u00e9talliques"},"content":{"rendered":"<div data-elementor-type=\"wp-page\" data-elementor-id=\"224\" class=\"elementor elementor-224\" data-elementor-post-type=\"page\">\n\t\t\t\t<div class=\"elementor-element elementor-element-bc795d5 e-flex e-con-boxed e-con e-parent\" data-id=\"bc795d5\" data-element_type=\"container\" data-e-type=\"container\" data-settings=\"{&quot;background_background&quot;:&quot;classic&quot;}\">\n\t\t\t\t\t<div class=\"e-con-inner\">\n\t\t\t\t<div class=\"elementor-element elementor-element-c02b4ee elementor-widget elementor-widget-heading\" data-id=\"c02b4ee\" data-element_type=\"widget\" data-e-type=\"widget\" data-widget_type=\"heading.default\">\n\t\t\t\t<div class=\"elementor-widget-container\">\n\t\t\t\t\t<h2 class=\"elementor-heading-title elementor-size-default\">Structures m\u00e9talliques<\/h2>\t\t\t\t<\/div>\n\t\t\t\t<\/div>\n\t\t<div class=\"elementor-element elementor-element-0ca1a82 e-flex e-con-boxed e-con e-child\" data-id=\"0ca1a82\" data-element_type=\"container\" data-e-type=\"container\">\n\t\t\t\t\t<div class=\"e-con-inner\">\n\t\t\t\t<div class=\"elementor-element elementor-element-8f6c032 elementor-widget elementor-widget-text-editor\" data-id=\"8f6c032\" data-element_type=\"widget\" data-e-type=\"widget\" data-widget_type=\"text-editor.default\">\n\t\t\t\t<div class=\"elementor-widget-container\">\n\t\t\t\t\t\t\t\t\t<p class=\"translation-block\">Nous cr\u00e9ons des constructions m\u00e9talliques sur mesure, durables pour la vie.<\/p>\t\t\t\t\t\t\t\t<\/div>\n\t\t\t\t<\/div>\n\t\t\t\t\t<\/div>\n\t\t\t\t<\/div>\n\t\t\t\t\t<\/div>\n\t\t\t\t<\/div>\n\t\t<div class=\"elementor-element elementor-element-43d19aa e-flex e-con-boxed e-con e-parent\" data-id=\"43d19aa\" data-element_type=\"container\" data-e-type=\"container\" data-settings=\"{&quot;background_background&quot;:&quot;classic&quot;}\">\n\t\t\t\t\t<div class=\"e-con-inner\">\n\t\t<div class=\"elementor-element elementor-element-3dacd09 e-flex e-con-boxed e-con e-child\" data-id=\"3dacd09\" data-element_type=\"container\" data-e-type=\"container\">\n\t\t\t\t\t<div class=\"e-con-inner\">\n\t\t\t\t<div class=\"elementor-element elementor-element-e6c6a53 elementor-widget elementor-widget-heading\" data-id=\"e6c6a53\" data-element_type=\"widget\" data-e-type=\"widget\" data-widget_type=\"heading.default\">\n\t\t\t\t<div class=\"elementor-widget-container\">\n\t\t\t\t\t<h2 class=\"elementor-heading-title elementor-size-default\">Constructions m\u00e9talliques sur mesure\n<\/h2>\t\t\t\t<\/div>\n\t\t\t\t<\/div>\n\t\t\t\t<div class=\"elementor-element elementor-element-b78948d elementor-widget elementor-widget-text-editor\" data-id=\"b78948d\" data-element_type=\"widget\" data-e-type=\"widget\" data-widget_type=\"text-editor.default\">\n\t\t\t\t<div class=\"elementor-widget-container\">\n\t\t\t\t\t\t\t\t\t<div class=\"elementor-element elementor-element-cb95e5c elementor-widget elementor-widget-text-editor\" data-id=\"cb95e5c\" data-element_type=\"widget\" data-widget_type=\"text-editor.default\"><div class=\"elementor-widget-container\"><p class=\"translation-block\">Qu'il s'agisse de paliers ou d'escaliers, de rampes ou de balustrades, de cl\u00f4tures ou de portails, nous d\u00e9veloppons des structures m\u00e9talliques sur mesure pour des projets priv\u00e9s et professionnels. Nos conceptions r\u00e9pondent \u00e0 toutes les normes de s\u00e9curit\u00e9, sont toutes fabriqu\u00e9es manuellement et sont compos\u00e9es de mat\u00e9riaux durables, notamment le fer, l'acier inoxydable, l'aluminium et l'acier Corten. Nous garantissons ainsi une excellente qualit\u00e9 dont vous pourrez profiter pendant des ann\u00e9es !<\/p><\/div><\/div>\t\t\t\t\t\t\t\t<\/div>\n\t\t\t\t<\/div>\n\t\t\t\t\t<\/div>\n\t\t\t\t<\/div>\n\t\t<div class=\"elementor-element elementor-element-59c1b41 e-flex e-con-boxed e-con e-child\" data-id=\"59c1b41\" data-element_type=\"container\" data-e-type=\"container\">\n\t\t\t\t\t<div class=\"e-con-inner\">\n\t\t\t\t<div class=\"elementor-element elementor-element-2091e9e elementor-widget elementor-widget-image\" data-id=\"2091e9e\" data-element_type=\"widget\" data-e-type=\"widget\" data-widget_type=\"image.default\">\n\t\t\t\t<div class=\"elementor-widget-container\">\n\t\t\t\t\t\t\t\t\t\t\t\t\t\t\t<img fetchpriority=\"high\" decoding=\"async\" width=\"1080\" height=\"1080\" src=\"https:\/\/metal-technics-kj.be\/wp-content\/uploads\/METALLURGIE.png\" class=\"attachment-large size-large wp-image-826\" alt=\",\" srcset=\"https:\/\/metal-technics-kj.be\/wp-content\/uploads\/METALLURGIE.png 1080w, https:\/\/metal-technics-kj.be\/wp-content\/uploads\/METALLURGIE-600x600.png 600w, https:\/\/metal-technics-kj.be\/wp-content\/uploads\/METALLURGIE-768x768.png 768w, https:\/\/metal-technics-kj.be\/wp-content\/uploads\/METALLURGIE-12x12.png 12w\" sizes=\"(max-width: 1080px) 100vw, 1080px\" title=\"\">\t\t\t\t\t\t\t\t\t\t\t\t\t\t\t<\/div>\n\t\t\t\t<\/div>\n\t\t\t\t\t<\/div>\n\t\t\t\t<\/div>\n\t\t\t\t\t<\/div>\n\t\t\t\t<\/div>\n\t\t<div class=\"elementor-element elementor-element-af4a056 e-flex e-con-boxed e-con e-parent\" data-id=\"af4a056\" data-element_type=\"container\" data-e-type=\"container\" data-settings=\"{&quot;background_background&quot;:&quot;classic&quot;}\">\n\t\t\t\t\t<div class=\"e-con-inner\">\n\t\t<div class=\"elementor-element elementor-element-42b7107 e-flex e-con-boxed e-con e-child\" data-id=\"42b7107\" data-element_type=\"container\" data-e-type=\"container\">\n\t\t\t\t\t<div class=\"e-con-inner\">\n\t\t\t\t<div class=\"elementor-element elementor-element-58d5456 elementor-widget elementor-widget-heading\" data-id=\"58d5456\" data-element_type=\"widget\" data-e-type=\"widget\" data-widget_type=\"heading.default\">\n\t\t\t\t<div class=\"elementor-widget-container\">\n\t\t\t\t\t<h2 class=\"elementor-heading-title elementor-size-default\">Conception ou architecture propre<\/h2>\t\t\t\t<\/div>\n\t\t\t\t<\/div>\n\t\t\t\t<div class=\"elementor-element elementor-element-eeec05e elementor-widget elementor-widget-text-editor\" data-id=\"eeec05e\" data-element_type=\"widget\" data-e-type=\"widget\" data-widget_type=\"text-editor.default\">\n\t\t\t\t<div class=\"elementor-widget-container\">\n\t\t\t\t\t\t\t\t\t<div class=\"elementor-element elementor-element-cb95e5c elementor-widget elementor-widget-text-editor\" data-id=\"cb95e5c\" data-element_type=\"widget\" data-widget_type=\"text-editor.default\"><div class=\"elementor-widget-container\"><p class=\"translation-block\">Vous avez une question sp\u00e9cifique concernant le design ? Nous venons sur place, nous mesurons tout, nous \u00e9tablissons un plan et nous vous remettons un devis sur mesure. Nos techniciens et architectes exp\u00e9riment\u00e9s calculent la r\u00e9sistance, la pente, la hauteur, la charge, etc. Apr\u00e8s la construction, nos monteurs livrent et installent la charpente m\u00e9tallique sur votre site. Vous pr\u00e9f\u00e9rez faire appel vous-m\u00eame \u00e0 un architecte ou \u00e0 un bureau d'\u00e9tudes ? C'est \u00e9galement possible ! Nous collaborons volontiers avec l'architecte de votre choix.<\/p><\/div><\/div>\t\t\t\t\t\t\t\t<\/div>\n\t\t\t\t<\/div>\n\t\t\t\t\t<\/div>\n\t\t\t\t<\/div>\n\t\t<div class=\"elementor-element elementor-element-16b9c94 e-flex e-con-boxed e-con e-child\" data-id=\"16b9c94\" data-element_type=\"container\" data-e-type=\"container\">\n\t\t\t\t\t<div class=\"e-con-inner\">\n\t\t\t\t<div class=\"elementor-element elementor-element-5d54a74 elementor-widget elementor-widget-image\" data-id=\"5d54a74\" data-element_type=\"widget\" data-e-type=\"widget\" data-widget_type=\"image.default\">\n\t\t\t\t<div class=\"elementor-widget-container\">\n\t\t\t\t\t\t\t\t\t\t\t\t\t\t\t<img decoding=\"async\" width=\"1080\" height=\"1080\" src=\"https:\/\/metal-technics-kj.be\/wp-content\/uploads\/METALLURGIE-1.png\" class=\"attachment-large size-large wp-image-828\" alt=\",\" srcset=\"https:\/\/metal-technics-kj.be\/wp-content\/uploads\/METALLURGIE-1.png 1080w, https:\/\/metal-technics-kj.be\/wp-content\/uploads\/METALLURGIE-1-600x600.png 600w, https:\/\/metal-technics-kj.be\/wp-content\/uploads\/METALLURGIE-1-768x768.png 768w, https:\/\/metal-technics-kj.be\/wp-content\/uploads\/METALLURGIE-1-12x12.png 12w\" sizes=\"(max-width: 1080px) 100vw, 1080px\" title=\"\">\t\t\t\t\t\t\t\t\t\t\t\t\t\t\t<\/div>\n\t\t\t\t<\/div>\n\t\t\t\t\t<\/div>\n\t\t\t\t<\/div>\n\t\t\t\t\t<\/div>\n\t\t\t\t<\/div>\n\t\t<div class=\"elementor-element elementor-element-22368e6 e-flex e-con-boxed e-con e-parent\" data-id=\"22368e6\" data-element_type=\"container\" data-e-type=\"container\" data-settings=\"{&quot;background_background&quot;:&quot;classic&quot;}\">\n\t\t\t\t\t<div class=\"e-con-inner\">\n\t\t<div class=\"elementor-element elementor-element-9d5882c e-flex e-con-boxed e-con e-child\" data-id=\"9d5882c\" data-element_type=\"container\" data-e-type=\"container\">\n\t\t\t\t\t<div class=\"e-con-inner\">\n\t\t\t\t<div class=\"elementor-element elementor-element-853b987 elementor-widget elementor-widget-heading\" data-id=\"853b987\" data-element_type=\"widget\" data-e-type=\"widget\" data-widget_type=\"heading.default\">\n\t\t\t\t<div class=\"elementor-widget-container\">\n\t\t\t\t\t<h2 class=\"elementor-heading-title elementor-size-default\">NOS R\u00c9ALISATIONS<\/h2>\t\t\t\t<\/div>\n\t\t\t\t<\/div>\n\t\t\t\t<div class=\"elementor-element elementor-element-af632f6 elementor-arrows-position-outside elementor-pagination-position-outside elementor-widget elementor-widget-image-carousel\" data-id=\"af632f6\" data-element_type=\"widget\" data-e-type=\"widget\" data-settings=\"{&quot;image_spacing_custom&quot;:{&quot;unit&quot;:&quot;em&quot;,&quot;size&quot;:10,&quot;sizes&quot;:[]},&quot;image_spacing_custom_tablet&quot;:{&quot;unit&quot;:&quot;em&quot;,&quot;size&quot;:&quot;&quot;,&quot;sizes&quot;:[]},&quot;image_spacing_custom_mobile&quot;:{&quot;unit&quot;:&quot;em&quot;,&quot;size&quot;:&quot;&quot;,&quot;sizes&quot;:[]},&quot;navigation&quot;:&quot;both&quot;,&quot;autoplay&quot;:&quot;yes&quot;,&quot;pause_on_hover&quot;:&quot;yes&quot;,&quot;pause_on_interaction&quot;:&quot;yes&quot;,&quot;autoplay_speed&quot;:5000,&quot;infinite&quot;:&quot;yes&quot;,&quot;speed&quot;:500}\" data-widget_type=\"image-carousel.default\">\n\t\t\t\t<div class=\"elementor-widget-container\">\n\t\t\t\t\t\t\t<div class=\"elementor-image-carousel-wrapper swiper\" role=\"region\" aria-roledescription=\"carousel\" aria-label=\"Carrousel afbeelding\" dir=\"ltr\">\n\t\t\t<div class=\"elementor-image-carousel swiper-wrapper\" aria-live=\"off\">\n\t\t\t\t\t\t\t\t<div class=\"swiper-slide\" role=\"group\" aria-roledescription=\"slide\" aria-label=\"1 of 6\" data-no-translation-aria-label=\"\"><figure class=\"swiper-slide-inner\"><img decoding=\"async\" class=\"swiper-slide-image\" src=\"https:\/\/metal-technics-kj.be\/wp-content\/uploads\/Balustrades-1-600x600.jpg\" alt=\"Balustrades-1\" title=\"\"><\/figure><\/div><div class=\"swiper-slide\" role=\"group\" aria-roledescription=\"slide\" aria-label=\"2 of 6\" data-no-translation-aria-label=\"\"><figure class=\"swiper-slide-inner\"><img decoding=\"async\" class=\"swiper-slide-image\" src=\"https:\/\/metal-technics-kj.be\/wp-content\/uploads\/leuningen-1-600x600.jpg\" alt=\"leuningen-1\" title=\"\"><\/figure><\/div><div class=\"swiper-slide\" role=\"group\" aria-roledescription=\"slide\" aria-label=\"3 of 6\" data-no-translation-aria-label=\"\"><figure class=\"swiper-slide-inner\"><img decoding=\"async\" class=\"swiper-slide-image\" src=\"https:\/\/metal-technics-kj.be\/wp-content\/uploads\/Leuningen-bordessen-trappen-1-600x600.jpg\" alt=\"Leuningen-bordessen-trappen-1\" title=\"\"><\/figure><\/div><div class=\"swiper-slide\" role=\"group\" aria-roledescription=\"slide\" aria-label=\"4 of 6\" data-no-translation-aria-label=\"\"><figure class=\"swiper-slide-inner\"><img decoding=\"async\" class=\"swiper-slide-image\" src=\"https:\/\/metal-technics-kj.be\/wp-content\/uploads\/Leuningen-bordessen-trappen-2-600x600.jpg\" alt=\"Leuningen-bordessen-trappen-2\" title=\"\"><\/figure><\/div><div class=\"swiper-slide\" role=\"group\" aria-roledescription=\"slide\" aria-label=\"5 of 6\" data-no-translation-aria-label=\"\"><figure class=\"swiper-slide-inner\"><img decoding=\"async\" class=\"swiper-slide-image\" src=\"https:\/\/metal-technics-kj.be\/wp-content\/uploads\/Leuningen-bordessen-trappen-3-600x600.jpg\" alt=\"Leuningen-bordessen-trappen-3\" title=\"\"><\/figure><\/div><div class=\"swiper-slide\" role=\"group\" aria-roledescription=\"slide\" aria-label=\"6 of 6\" data-no-translation-aria-label=\"\"><figure class=\"swiper-slide-inner\"><img decoding=\"async\" class=\"swiper-slide-image\" src=\"https:\/\/metal-technics-kj.be\/wp-content\/uploads\/trappen-600x600.jpg\" alt=\"trappen\" title=\"\"><\/figure><\/div>\t\t\t<\/div>\n\t\t\t\t\t\t\t\t\t\t\t\t<div class=\"elementor-swiper-button elementor-swiper-button-prev\" role=\"button\" tabindex=\"0\">\n\t\t\t\t\t\t<i aria-hidden=\"true\" class=\"eicon-chevron-left\"><\/i>\t\t\t\t\t<\/div>\n\t\t\t\t\t<div class=\"elementor-swiper-button elementor-swiper-button-next\" role=\"button\" tabindex=\"0\">\n\t\t\t\t\t\t<i aria-hidden=\"true\" class=\"eicon-chevron-right\"><\/i>\t\t\t\t\t<\/div>\n\t\t\t\t\n\t\t\t\t\t\t\t\t\t<div class=\"swiper-pagination\"><\/div>\n\t\t\t\t\t\t\t\t\t<\/div>\n\t\t\t\t\t\t<\/div>\n\t\t\t\t<\/div>\n\t\t\t\t\t<\/div>\n\t\t\t\t<\/div>\n\t\t\t\t\t<\/div>\n\t\t\t\t<\/div>\n\t\t<div class=\"elementor-element elementor-element-b289565 e-flex e-con-boxed e-con e-parent\" data-id=\"b289565\" data-element_type=\"container\" data-e-type=\"container\" data-settings=\"{&quot;background_background&quot;:&quot;classic&quot;}\">\n\t\t\t\t\t<div class=\"e-con-inner\">\n\t\t\t\t<div class=\"elementor-element elementor-element-b090206 elementor-widget elementor-widget-heading\" data-id=\"b090206\" data-element_type=\"widget\" data-e-type=\"widget\" data-widget_type=\"heading.default\">\n\t\t\t\t<div class=\"elementor-widget-container\">\n\t\t\t\t\t<h2 class=\"elementor-heading-title elementor-size-default\">Obtenez votre devis maintenant<\/h2>\t\t\t\t<\/div>\n\t\t\t\t<\/div>\n\t\t\t\t<div class=\"elementor-element elementor-element-88d4b51 elementor-widget elementor-widget-text-editor\" data-id=\"88d4b51\" data-element_type=\"widget\" data-e-type=\"widget\" data-widget_type=\"text-editor.default\">\n\t\t\t\t<div class=\"elementor-widget-container\">\n\t\t\t\t\t\t\t\t\t<p class=\"translation-block\">Vous souhaitez une construction m\u00e9tallique durable adapt\u00e9e \u00e0 vos besoins et \u00e0 vos souhaits ? Nos techniciens sont \u00e0 votre service !<\/p>\t\t\t\t\t\t\t\t<\/div>\n\t\t\t\t<\/div>\n\t\t\t\t<div class=\"elementor-element elementor-element-5e30c4c elementor-widget elementor-widget-button\" data-id=\"5e30c4c\" data-element_type=\"widget\" data-e-type=\"widget\" data-widget_type=\"button.default\">\n\t\t\t\t<div class=\"elementor-widget-container\">\n\t\t\t\t\t\t\t\t\t<div class=\"elementor-button-wrapper\">\n\t\t\t\t\t<a class=\"elementor-button elementor-button-link elementor-size-sm elementor-animation-grow\" href=\"https:\/\/metal-technics-kj.be\/fr\/contact-metal-technics-kj\/\">\n\t\t\t\t\t\t<span class=\"elementor-button-content-wrapper\">\n\t\t\t\t\t\t\t\t\t<span class=\"elementor-button-text\">Contactez-nous<\/span>\n\t\t\t\t\t<\/span>\n\t\t\t\t\t<\/a>\n\t\t\t\t<\/div>\n\t\t\t\t\t\t\t\t<\/div>\n\t\t\t\t<\/div>\n\t\t\t\t\t<\/div>\n\t\t\t\t<\/div>\n\t\t\t\t<\/div>","protected":false},"excerpt":{"rendered":"<p>Metaalconstructies Maatwerk is onze standaard. Wij cre\u00ebren duurzame metaalconstructies voor het leven. Metaalconstructies op maat Van bordessen en trappen, over leuningen en balustrades, tot omheiningen en poorten: wij ontwikkelen op maat gemaakte metaalconstructies voor particuliere en professionele projecten. Onze ontwerpen voldoen aan alle veiligheidsnormen, worden stuk voor stuk manueel vervaardigd en bestaan uit duurzame materialen, [&hellip;]<\/p>\n","protected":false},"author":1,"featured_media":0,"parent":0,"menu_order":0,"comment_status":"closed","ping_status":"closed","template":"elementor_header_footer","meta":{"footnotes":""},"class_list":["post-224","page","type-page","status-publish","hentry"],"_links":{"self":[{"href":"https:\/\/metal-technics-kj.be\/fr\/wp-json\/wp\/v2\/pages\/224","targetHints":{"allow":["GET"]}}],"collection":[{"href":"https:\/\/metal-technics-kj.be\/fr\/wp-json\/wp\/v2\/pages"}],"about":[{"href":"https:\/\/metal-technics-kj.be\/fr\/wp-json\/wp\/v2\/types\/page"}],"author":[{"embeddable":true,"href":"https:\/\/metal-technics-kj.be\/fr\/wp-json\/wp\/v2\/users\/1"}],"replies":[{"embeddable":true,"href":"https:\/\/metal-technics-kj.be\/fr\/wp-json\/wp\/v2\/comments?post=224"}],"version-history":[{"count":3,"href":"https:\/\/metal-technics-kj.be\/fr\/wp-json\/wp\/v2\/pages\/224\/revisions"}],"predecessor-version":[{"id":2245,"href":"https:\/\/metal-technics-kj.be\/fr\/wp-json\/wp\/v2\/pages\/224\/revisions\/2245"}],"wp:attachment":[{"href":"https:\/\/metal-technics-kj.be\/fr\/wp-json\/wp\/v2\/media?parent=224"}],"curies":[{"name":"wp","href":"https:\/\/api.w.org\/{rel}","templated":true}]}}